{"id":29,"date":"2016-06-13T17:07:15","date_gmt":"2016-06-13T17:07:15","guid":{"rendered":"http:\/\/panificadorasilvarocha.com.br\/?page_id=29"},"modified":"2024-06-25T22:41:43","modified_gmt":"2024-06-26T01:41:43","slug":"a-empresa","status":"publish","type":"page","link":"https:\/\/panificadorasilvarocha.com.br\/site\/a-empresa\/","title":{"rendered":"A Empresa"},"content":{"rendered":"<p style=\"text-align: center;\">\u00a0 <a href=\"https:\/\/panificadorasilvarocha.com.br\/site\/wp-content\/uploads\/2021\/08\/Captura-de-tela-2021-08-12-232652.png\"><img loading=\"lazy\" decoding=\"async\" class=\"alignnone wp-image-799 \" src=\"https:\/\/panificadorasilvarocha.com.br\/site\/wp-content\/uploads\/2021\/08\/Captura-de-tela-2021-08-12-232652.png\" alt=\"\" width=\"625\" height=\"263\" \/><\/a><\/p>\n<p>Fundada em 16\/10\/1996, a Panificadora Silva Rocha Ltda \u00e9 uma empresa que teve sua origem na cidade de Betim, quando um casal de comerciantes, ela com apenas 25 e ele 24 anos de idade, decidiram abrir uma pequena padaria para atender o p\u00fablico local. Inicialmente, eles forneciam seus produtos apenas atrav\u00e9s das vendas no balc\u00e3o da padaria, oferecendo p\u00e3es, bolos e outros produtos de panifica\u00e7\u00e3o.<\/p>\n<p>Com o tempo, a reputa\u00e7\u00e3o da Panificadora Silva Rocha cresceu, e em meados dos anos 2000 eles foram convidados por uma cozinha industrial de Belo Horizonte na \u00e9poca para suprissem a defici\u00eancia no fornecimento de p\u00e3es em um de seus clientes na regi\u00e3o de Betim. Aceitando o desafio, eles come\u00e7aram a atender essa unidade e, ap\u00f3s alguns dias de servi\u00e7o impec\u00e1vel, a empresa recebeu a proposta de assumir o compromisso de fornecer produtos para as mais de 20 unidades espalhadas pela regi\u00e3o metropolitana de Belo Horizonte.<\/p>\n<p>Ao longo dos anos, a Panificadora Silva Rocha se consolidou como uma refer\u00eancia no ramo de panifica\u00e7\u00e3o, acumulando atualmente mais de 20 anos de experi\u00eancia no segmento de fornecimento de p\u00e3es e a quase 30 anos no mercado de fabrica\u00e7\u00e3o de p\u00e3es.<\/p>\n<p>Atualmente a empresa conta com uma equipe de t\u00e9cnicos e m\u00e3o de obra especializada, altamente comprometida com a presta\u00e7\u00e3o de servi\u00e7os de qualidade, produzindo mensalmente quase <em>1.000.000<\/em> (um milh\u00e3o) de p\u00e3es e com mais de <em>200<\/em> pontos de entrega atendidos. A nossa empresa se orgulha de estar preparada para atender clientes de pequeno, m\u00e9dio e grande porte, oferecendo produtos de excelente qualidade e pre\u00e7os acess\u00edveis. Seu cat\u00e1logo de produtos inclui op\u00e7\u00f5es variadas, desde coffee breaks e lanches, tamb\u00e9m op\u00e7\u00f5es de bolos e desjejuns.<\/p>\n<p>A Panificadora Silva Rocha Ltda busca estabelecer uma rela\u00e7\u00e3o transparente com seus clientes, valorizando o atendimento diferenciado. Com sua vasta experi\u00eancia, est\u00e1 a disposi\u00e7\u00e3o como uma parceira confi\u00e1vel para empresas que buscam servi\u00e7os de panifica\u00e7\u00e3o de qualidade, sempre aderindo \u00e0s normas de excel\u00eancia e prezando pelo atendimento organizado. Com uma equipe pronta para contribuir de forma positiva para o crescimento e sucesso de seus clientes, oferecendo solu\u00e7\u00f5es personalizadas e produtos que superem as expectativas do mercado.<\/p>\n","protected":false},"excerpt":{"rendered":"<p>\u00a0 Fundada em 16\/10\/1996, a Panificadora Silva Rocha Ltda \u00e9 uma empresa que teve sua origem na cidade de Betim, quando um casal de comerciantes, ela com apenas 25 e ele 24 anos de idade, decidiram abrir uma pequena padaria para atender o p\u00fablico local. Inicialmente, eles forneciam seus produtos apenas atrav\u00e9s das vendas no [&hellip;]<\/p>\n","protected":false},"author":1,"featured_media":0,"parent":0,"menu_order":0,"comment_status":"closed","ping_status":"closed","template":"","meta":{"footnotes":""},"class_list":["post-29","page","type-page","status-publish","hentry"],"_links":{"self":[{"href":"https:\/\/panificadorasilvarocha.com.br\/site\/wp-json\/wp\/v2\/pages\/29","targetHints":{"allow":["GET"]}}],"collection":[{"href":"https:\/\/panificadorasilvarocha.com.br\/site\/wp-json\/wp\/v2\/pages"}],"about":[{"href":"https:\/\/panificadorasilvarocha.com.br\/site\/wp-json\/wp\/v2\/types\/page"}],"author":[{"embeddable":true,"href":"https:\/\/panificadorasilvarocha.com.br\/site\/wp-json\/wp\/v2\/users\/1"}],"replies":[{"embeddable":true,"href":"https:\/\/panificadorasilvarocha.com.br\/site\/wp-json\/wp\/v2\/comments?post=29"}],"version-history":[{"count":13,"href":"https:\/\/panificadorasilvarocha.com.br\/site\/wp-json\/wp\/v2\/pages\/29\/revisions"}],"predecessor-version":[{"id":884,"href":"https:\/\/panificadorasilvarocha.com.br\/site\/wp-json\/wp\/v2\/pages\/29\/revisions\/884"}],"wp:attachment":[{"href":"https:\/\/panificadorasilvarocha.com.br\/site\/wp-json\/wp\/v2\/media?parent=29"}],"curies":[{"name":"wp","href":"https:\/\/api.w.org\/{rel}","templated":true}]}}