{"id":2,"date":"2016-06-11T15:36:25","date_gmt":"2016-06-11T15:36:25","guid":{"rendered":"http:\/\/panificadorasilvarocha.com.br\/site\/?page_id=2"},"modified":"2023-07-10T23:31:22","modified_gmt":"2023-07-11T02:31:22","slug":"clientes","status":"publish","type":"page","link":"https:\/\/panificadorasilvarocha.com.br\/site\/clientes\/","title":{"rendered":"Clientes"},"content":{"rendered":"\n<p>Trabalhamos com os mais variados perfis de clientes, sempre fornecendo nossos produtos produzidos utilizando as mat\u00e9rias primas mais confi\u00e1veis do mercado.<\/p>\n\n\n\n<p>Para que possamos oferecer os melhores produtos a nossos clientes, nos dedicamos a entender suas demandas e garantir que sejam cumpridas conforme seu perfil.<\/p>\n\n\n\n<p>Atendemos as maiores empresas dos mais variados ramos no estado de Minas Gerais, dentre elas temos Hospitais da rede p\u00fablica e particular, UPA\u2019s, UBS, Escolas p\u00fablicas e privadas, Universidades, Transportes coletivos, Restaurantes, Cozinhas industriais, institui\u00e7\u00f5es, ind\u00fastrias variadas e empresas de tecnologia.<\/p>\n\n\n\n<div class=\"wp-block-group is-vertical is-layout-flex wp-container-core-group-is-layout-8cf370e7 wp-block-group-is-layout-flex\">\n<div class=\"wp-block-group is-horizontal is-content-justification-left is-nowrap is-layout-flex wp-container-core-group-is-layout-e0598304 wp-block-group-is-layout-flex\"><\/div>\n\n\n\n<div class=\"wp-block-group is-horizontal is-content-justification-left is-nowrap is-layout-flex wp-container-core-group-is-layout-e0598304 wp-block-group-is-layout-flex\">\n<figure class=\"wp-block-gallery aligncenter has-nested-images columns-4 wp-block-gallery-1 is-layout-flex wp-block-gallery-is-layout-flex\">\n<figure class=\"wp-block-image size-full\"><img loading=\"lazy\" decoding=\"async\" width=\"580\" height=\"338\" data-id=\"16\" src=\"https:\/\/panificadorasilvarocha.com.br\/site\/wp-content\/uploads\/2016\/06\/0800-sodexo-telefone.jpg\" alt=\"\" class=\"wp-image-16\" srcset=\"https:\/\/panificadorasilvarocha.com.br\/site\/wp-content\/uploads\/2016\/06\/0800-sodexo-telefone.jpg 580w, https:\/\/panificadorasilvarocha.com.br\/site\/wp-content\/uploads\/2016\/06\/0800-sodexo-telefone-300x175.jpg 300w\" sizes=\"auto, (max-width: 580px) 100vw, 580px\" \/><\/figure>\n\n\n\n<figure class=\"wp-block-image size-thumbnail\"><img loading=\"lazy\" decoding=\"async\" width=\"300\" height=\"168\" data-id=\"823\" src=\"https:\/\/panificadorasilvarocha.com.br\/site\/wp-content\/uploads\/2023\/07\/pucminas.png\" alt=\"\" class=\"wp-image-823\"\/><\/figure>\n\n\n\n<figure class=\"wp-block-image size-thumbnail is-style-default\"><img loading=\"lazy\" decoding=\"async\" width=\"224\" height=\"120\" data-id=\"315\" src=\"https:\/\/panificadorasilvarocha.com.br\/site\/wp-content\/uploads\/2019\/08\/sapore-logo.jpg\" alt=\"\" class=\"wp-image-315\"\/><\/figure>\n\n\n\n<figure class=\"wp-block-image size-full\"><img loading=\"lazy\" decoding=\"async\" width=\"140\" height=\"180\" data-id=\"819\" src=\"https:\/\/panificadorasilvarocha.com.br\/site\/wp-content\/uploads\/2023\/07\/totalalimentacao.png\" alt=\"\" class=\"wp-image-819\"\/><\/figure>\n\n\n\n<figure class=\"wp-block-image size-full\"><img loading=\"lazy\" decoding=\"async\" width=\"285\" height=\"120\" data-id=\"42\" src=\"https:\/\/panificadorasilvarocha.com.br\/site\/wp-content\/uploads\/2016\/06\/logo-grsa-compass_small_06.png\" alt=\"\" class=\"wp-image-42\"\/><\/figure>\n\n\n\n<figure class=\"wp-block-image size-full\"><img loading=\"lazy\" decoding=\"async\" width=\"201\" height=\"113\" data-id=\"314\" src=\"https:\/\/panificadorasilvarocha.com.br\/site\/wp-content\/uploads\/2019\/08\/logo-saogoncalo-e1564675979956.jpg\" alt=\"\" class=\"wp-image-314\"\/><\/figure>\n\n\n\n<figure class=\"wp-block-image size-thumbnail\"><img decoding=\"async\" data-id=\"313\" src=\"https:\/\/panificadorasilvarocha.com.br\/site\/wp-content\/uploads\/2019\/08\/logo-porteira-velha-e1564675952840.png\" alt=\"\" class=\"wp-image-313\"\/><\/figure>\n\n\n\n<figure class=\"wp-block-image size-thumbnail\"><img loading=\"lazy\" decoding=\"async\" width=\"389\" height=\"129\" data-id=\"824\" src=\"https:\/\/panificadorasilvarocha.com.br\/site\/wp-content\/uploads\/2023\/07\/colegiosantamariaminas.png\" alt=\"\" class=\"wp-image-824\"\/><\/figure>\n<\/figure>\n<\/div>\n<\/div>\n","protected":false},"excerpt":{"rendered":"<p>Trabalhamos com os mais variados perfis de clientes, sempre fornecendo nossos produtos produzidos utilizando as mat\u00e9rias primas mais confi\u00e1veis do mercado. Para que possamos oferecer os melhores produtos a nossos clientes, nos dedicamos a entender suas demandas e garantir que sejam cumpridas conforme seu perfil. Atendemos as maiores empresas dos mais variados ramos no estado [&hellip;]<\/p>\n","protected":false},"author":1,"featured_media":0,"parent":0,"menu_order":0,"comment_status":"closed","ping_status":"closed","template":"page-full_width.php","meta":{"footnotes":""},"class_list":["post-2","page","type-page","status-publish","hentry"],"_links":{"self":[{"href":"https:\/\/panificadorasilvarocha.com.br\/site\/wp-json\/wp\/v2\/pages\/2","targetHints":{"allow":["GET"]}}],"collection":[{"href":"https:\/\/panificadorasilvarocha.com.br\/site\/wp-json\/wp\/v2\/pages"}],"about":[{"href":"https:\/\/panificadorasilvarocha.com.br\/site\/wp-json\/wp\/v2\/types\/page"}],"author":[{"embeddable":true,"href":"https:\/\/panificadorasilvarocha.com.br\/site\/wp-json\/wp\/v2\/users\/1"}],"replies":[{"embeddable":true,"href":"https:\/\/panificadorasilvarocha.com.br\/site\/wp-json\/wp\/v2\/comments?post=2"}],"version-history":[{"count":16,"href":"https:\/\/panificadorasilvarocha.com.br\/site\/wp-json\/wp\/v2\/pages\/2\/revisions"}],"predecessor-version":[{"id":832,"href":"https:\/\/panificadorasilvarocha.com.br\/site\/wp-json\/wp\/v2\/pages\/2\/revisions\/832"}],"wp:attachment":[{"href":"https:\/\/panificadorasilvarocha.com.br\/site\/wp-json\/wp\/v2\/media?parent=2"}],"curies":[{"name":"wp","href":"https:\/\/api.w.org\/{rel}","templated":true}]}}